{"id":144,"date":"2026-04-21T08:32:30","date_gmt":"2026-04-21T08:32:30","guid":{"rendered":"https:\/\/becariasnoprecarias.ccoo.es\/?page_id=144"},"modified":"2026-05-08T12:03:48","modified_gmt":"2026-05-08T12:03:48","slug":"firma","status":"publish","type":"page","link":"https:\/\/becariasnoprecarias.ccoo.es\/es\/firma\/","title":{"rendered":"firma"},"content":{"rendered":"\t\t<div data-elementor-type=\"wp-page\" data-elementor-id=\"144\" class=\"elementor elementor-144\">\n\t\t\t\t<div class=\"elementor-element elementor-element-4698263 e-con-full e-flex wpr-particle-no wpr-jarallax-no wpr-parallax-no wpr-sticky-section-no wpr-equal-height-no e-con e-parent\" data-id=\"4698263\" data-element_type=\"container\" data-e-type=\"container\" data-settings=\"{&quot;background_background&quot;:&quot;classic&quot;}\">\n\t\t<div class=\"elementor-element elementor-element-8d49a2b e-con-full e-flex wpr-particle-no wpr-jarallax-no wpr-parallax-no wpr-sticky-section-no wpr-equal-height-no e-con e-child\" data-id=\"8d49a2b\" data-element_type=\"container\" data-e-type=\"container\">\n\t\t\t\t\t\t\t\n\t\t<img class=\"e-image-base e-121307a-293a0ff\" \n\t\t\t\t\tdata-interaction-id=\"121307a\" \n\t\t \n\t\t \n\t\t\t\t\t\t\t\t\tid=\"193\"\n\t\t\t\t\t\t\t\t\t\t\t\tsrc=\"https:\/\/becariasnoprecarias.ccoo.es\/wp-content\/uploads\/2026\/04\/JCCOO-retro-byn.png\"\n\t\t\t\t\t\t\t\t\t\t\t\twidth=\"2424\"\n\t\t\t\t\t\t\t\t\t\t\t\theight=\"2424\"\n\t\t\t\t\t\t\t\t\t\t\t\tsrcset=\"https:\/\/becariasnoprecarias.ccoo.es\/wp-content\/uploads\/2026\/04\/JCCOO-retro-byn.png 2424w, https:\/\/becariasnoprecarias.ccoo.es\/wp-content\/uploads\/2026\/04\/JCCOO-retro-byn-300x300.png 300w, https:\/\/becariasnoprecarias.ccoo.es\/wp-content\/uploads\/2026\/04\/JCCOO-retro-byn-1024x1024.png 1024w, https:\/\/becariasnoprecarias.ccoo.es\/wp-content\/uploads\/2026\/04\/JCCOO-retro-byn-150x150.png 150w, https:\/\/becariasnoprecarias.ccoo.es\/wp-content\/uploads\/2026\/04\/JCCOO-retro-byn-768x768.png 768w, https:\/\/becariasnoprecarias.ccoo.es\/wp-content\/uploads\/2026\/04\/JCCOO-retro-byn-1536x1536.png 1536w, https:\/\/becariasnoprecarias.ccoo.es\/wp-content\/uploads\/2026\/04\/JCCOO-retro-byn-2048x2048.png 2048w, https:\/\/becariasnoprecarias.ccoo.es\/wp-content\/uploads\/2026\/04\/JCCOO-retro-byn-12x12.png 12w\"\n\t\t\t\t\t\t\t\t\t\t\t\talt=\"\"\n\t\t\t\t\t\t\/>\n\t\t\t\t\t<\/div>\n\t\t<div class=\"elementor-element elementor-element-767e7cb e-con-full e-flex wpr-particle-no wpr-jarallax-no wpr-parallax-no wpr-sticky-section-no wpr-equal-height-no e-con e-child\" data-id=\"767e7cb\" data-element_type=\"container\" data-e-type=\"container\">\n\t\t\t\t<div class=\"elementor-element elementor-element-34f5baf wpr-main-menu-align-right wpr-main-menu-align--tabletleft wpr-main-menu-align--mobileleft wpr-pointer-underline wpr-pointer-line-fx wpr-pointer-fx-fade wpr-sub-icon-caret-down wpr-sub-menu-fx-fade wpr-nav-menu-bp-mobile wpr-mobile-menu-full-width wpr-mobile-menu-item-align-center wpr-mobile-toggle-v1 wpr-sub-divider-yes wpr-mobile-divider-yes elementor-widget elementor-widget-wpr-nav-menu\" data-id=\"34f5baf\" data-element_type=\"widget\" data-e-type=\"widget\" data-settings=\"{&quot;menu_layout&quot;:&quot;horizontal&quot;}\" data-widget_type=\"wpr-nav-menu.default\">\n\t\t\t\t\t<nav class=\"wpr-nav-menu-container wpr-nav-menu-horizontal\" data-trigger=\"hover\" data-consider-header=\"\" data-scroll-speed=\"500\"><ul id=\"menu-1-34f5baf\" class=\"wpr-nav-menu\"><li class=\"menu-item menu-item-type-post_type menu-item-object-page menu-item-home menu-item-149\"><a href=\"https:\/\/becariasnoprecarias.ccoo.es\/es\/\" class=\"wpr-menu-item wpr-pointer-item\">inicio<\/a><\/li>\n<li class=\"menu-item menu-item-type-post_type menu-item-object-page menu-item-150\"><a href=\"https:\/\/becariasnoprecarias.ccoo.es\/es\/estatuto\/\" class=\"wpr-menu-item wpr-pointer-item\">estatuto<\/a><\/li>\n<li class=\"menu-item menu-item-type-post_type menu-item-object-page menu-item-151\"><a href=\"https:\/\/becariasnoprecarias.ccoo.es\/es\/firma\/\" class=\"wpr-menu-item wpr-pointer-item\">firma<\/a><\/li>\n<li class=\"trp-language-switcher-container trp-menu-ls-item trp-menu-ls-desktop current-language-menu-item menu-item menu-item-type-post_type menu-item-object-language_switcher menu-item-168\"><a href=\"https:\/\/becariasnoprecarias.ccoo.es\/es\/wp-json\/wp\/v2\/pages\/144\" class=\"wpr-menu-item wpr-pointer-item\"><span class=\"trp-menu-ls-label\" data-no-translation title=\"ES\"><img loading=\"lazy\" src=\"https:\/\/becariasnoprecarias.ccoo.es\/wp-content\/plugins\/translatepress-multilingual\/assets\/flags\/1x1\/es_ES.svg\" class=\"trp-flag-image trp-flag-rounded\" alt=\"\" role=\"presentation\" loading=\"lazy\" decoding=\"async\" width=\"18\" height=\"14\" \/> <span class=\"trp-ls-language-name\">ES<\/span><\/span><\/a><\/li>\n<li class=\"trp-language-switcher-container trp-menu-ls-item trp-menu-ls-desktop menu-item menu-item-type-post_type menu-item-object-language_switcher current-language-menu-item menu-item-167\"><a href=\"https:\/\/becariasnoprecarias.ccoo.es\/es\/wp-json\/wp\/v2\/pages\/144\" class=\"wpr-menu-item wpr-pointer-item\"><span class=\"trp-menu-ls-label\" data-no-translation title=\"CA\"><img loading=\"lazy\" src=\"https:\/\/becariasnoprecarias.ccoo.es\/wp-content\/plugins\/translatepress-multilingual\/assets\/flags\/1x1\/ca.svg\" class=\"trp-flag-image trp-flag-rounded\" alt=\"\" role=\"presentation\" loading=\"lazy\" decoding=\"async\" width=\"18\" height=\"14\" \/> <span class=\"trp-ls-language-name\">CA<\/span><\/span><\/a><\/li>\n<\/ul><\/nav><nav class=\"wpr-mobile-nav-menu-container\"><div class=\"wpr-mobile-toggle-wrap\"><div class=\"wpr-mobile-toggle\"><span class=\"wpr-mobile-toggle-line\"><\/span><span class=\"wpr-mobile-toggle-line\"><\/span><span class=\"wpr-mobile-toggle-line\"><\/span><\/div><\/div><ul id=\"mobile-menu-2-34f5baf\" class=\"wpr-mobile-nav-menu\"><li class=\"menu-item menu-item-type-post_type menu-item-object-page menu-item-home menu-item-149\"><a href=\"https:\/\/becariasnoprecarias.ccoo.es\/es\/\" class=\"wpr-mobile-menu-item\">inicio<\/a><\/li>\n<li class=\"menu-item menu-item-type-post_type menu-item-object-page menu-item-150\"><a href=\"https:\/\/becariasnoprecarias.ccoo.es\/es\/estatuto\/\" class=\"wpr-mobile-menu-item\">estatuto<\/a><\/li>\n<li class=\"menu-item menu-item-type-post_type menu-item-object-page menu-item-151\"><a href=\"https:\/\/becariasnoprecarias.ccoo.es\/es\/firma\/\" class=\"wpr-mobile-menu-item\">firma<\/a><\/li>\n<li class=\"trp-language-switcher-container trp-menu-ls-item trp-menu-ls-desktop current-language-menu-item menu-item menu-item-type-post_type menu-item-object-language_switcher menu-item-168\"><a href=\"https:\/\/becariasnoprecarias.ccoo.es\/es\/wp-json\/wp\/v2\/pages\/144\" class=\"wpr-mobile-menu-item\"><span class=\"trp-menu-ls-label\" data-no-translation title=\"ES\"><img loading=\"lazy\" src=\"https:\/\/becariasnoprecarias.ccoo.es\/wp-content\/plugins\/translatepress-multilingual\/assets\/flags\/1x1\/es_ES.svg\" class=\"trp-flag-image trp-flag-rounded\" alt=\"\" role=\"presentation\" loading=\"lazy\" decoding=\"async\" width=\"18\" height=\"14\" \/> <span class=\"trp-ls-language-name\">ES<\/span><\/span><\/a><\/li>\n<li class=\"trp-language-switcher-container trp-menu-ls-item trp-menu-ls-desktop menu-item menu-item-type-post_type menu-item-object-language_switcher current-language-menu-item menu-item-167\"><a href=\"https:\/\/becariasnoprecarias.ccoo.es\/es\/wp-json\/wp\/v2\/pages\/144\" class=\"wpr-mobile-menu-item\"><span class=\"trp-menu-ls-label\" data-no-translation title=\"CA\"><img loading=\"lazy\" src=\"https:\/\/becariasnoprecarias.ccoo.es\/wp-content\/plugins\/translatepress-multilingual\/assets\/flags\/1x1\/ca.svg\" class=\"trp-flag-image trp-flag-rounded\" alt=\"\" role=\"presentation\" loading=\"lazy\" decoding=\"async\" width=\"18\" height=\"14\" \/> <span class=\"trp-ls-language-name\">CA<\/span><\/span><\/a><\/li>\n<\/ul><\/nav>\t\t\t\t<\/div>\n\t\t\t\t<\/div>\n\t\t\t\t<\/div>\n\t\t<div class=\"elementor-element elementor-element-904070d e-flex e-con-boxed wpr-particle-no wpr-jarallax-no wpr-parallax-no wpr-sticky-section-no wpr-equal-height-no e-con e-parent\" data-id=\"904070d\" data-element_type=\"container\" data-e-type=\"container\" data-settings=\"{&quot;background_background&quot;:&quot;classic&quot;}\">\n\t\t\t\t\t<div class=\"e-con-inner\">\n\t\t<div class=\"elementor-element elementor-element-5fbd914 e-con-full e-flex wpr-particle-no wpr-jarallax-no wpr-parallax-no wpr-sticky-section-no wpr-equal-height-no e-con e-child\" data-id=\"5fbd914\" data-element_type=\"container\" data-e-type=\"container\">\n\t\t\t\t\t\t\t\n\t\t<img class=\"e-image-base e-efe2705-72fd9a3\" \n\t\t\t\t\tdata-interaction-id=\"efe2705\" \n\t\t \n\t\t \n\t\t\t\t\t\t\t\t\tid=\"276\"\n\t\t\t\t\t\t\t\t\t\t\t\tsrc=\"https:\/\/becariasnoprecarias.ccoo.es\/wp-content\/uploads\/2026\/04\/Elemento-Casco-JCCOO.png\"\n\t\t\t\t\t\t\t\t\t\t\t\twidth=\"1090\"\n\t\t\t\t\t\t\t\t\t\t\t\theight=\"881\"\n\t\t\t\t\t\t\t\t\t\t\t\tsrcset=\"https:\/\/becariasnoprecarias.ccoo.es\/wp-content\/uploads\/2026\/04\/Elemento-Casco-JCCOO.png 1090w, https:\/\/becariasnoprecarias.ccoo.es\/wp-content\/uploads\/2026\/04\/Elemento-Casco-JCCOO-300x242.png 300w, https:\/\/becariasnoprecarias.ccoo.es\/wp-content\/uploads\/2026\/04\/Elemento-Casco-JCCOO-1024x828.png 1024w, https:\/\/becariasnoprecarias.ccoo.es\/wp-content\/uploads\/2026\/04\/Elemento-Casco-JCCOO-768x621.png 768w, https:\/\/becariasnoprecarias.ccoo.es\/wp-content\/uploads\/2026\/04\/Elemento-Casco-JCCOO-15x12.png 15w\"\n\t\t\t\t\t\t\t\t\t\t\t\talt=\"\"\n\t\t\t\t\t\t\/>\n\t\t\t\t\t\t\t\t<h1 \n\t\tdata-interaction-id=\"4375935\" \n\t\tclass=\"e-4375935-534528e e-heading-base\" \n\t\t \n\t\t\n\t>\n\t\n\t\t\tFIRMA AQU\u00cd POR LA APROBACI\u00d3N DEL ESTATUTO DEL BECARIO\n\t\t<\/h1>\n\t\t\t\t\t\t\t\t<p class=\"e-9c80897-e57dacd e-paragraph-base\" data-interaction-id=\"9c80897\"  >\n\t\t\t\t\t\t\t\t<strong id=\"e-mowtw4qu-vq5b5uy\">El Estatuto del Becario es una oportunidad hist\u00f3rica<\/strong> para garantizar derechos a miles de j\u00f3venes. <strong id=\"e-mowtw4qu-lvg1q1q\">Tu apoyo es fundamental<\/strong> para que se apruebe cuanto antes.\u00danete y defiende pr\u00e1cticas con derechos.\n\t\t\t\t\t<\/p>\n\t\t\t\t<\/div>\n\t\t<div class=\"elementor-element elementor-element-cd84a8a e-con-full e-flex wpr-particle-no wpr-jarallax-no wpr-parallax-no wpr-sticky-section-no wpr-equal-height-no e-con e-child\" data-id=\"cd84a8a\" data-element_type=\"container\" data-e-type=\"container\">\n\t\t\t\t<div class=\"elementor-element elementor-element-55d5f51 wpr-forms-align-left wpr-forms-submit-left elementor-widget elementor-widget-wpr-forms\" data-id=\"55d5f51\" data-element_type=\"widget\" data-e-type=\"widget\" data-widget_type=\"wpr-forms.default\">\n\t\t\t\t\t<div class=\"wpr-forms-container wpr-custom-chk-radio\">\n<div class=\"wpcf7 no-js\" id=\"wpcf7-f10-o1\" lang=\"es-ES\" dir=\"ltr\" data-wpcf7-id=\"10\">\n<div class=\"screen-reader-response\"><p role=\"status\" aria-live=\"polite\" aria-atomic=\"true\"><\/p> <ul><\/ul><\/div>\n<form action=\"\/es\/wp-json\/wp\/v2\/pages\/144#wpcf7-f10-o1\" method=\"post\" class=\"wpcf7-form init\" aria-label=\"Formulario de contacto\" novalidate=\"novalidate\" data-status=\"init\">\n<fieldset class=\"hidden-fields-container\"><input type=\"hidden\" name=\"_wpcf7\" value=\"10\" \/><input type=\"hidden\" name=\"_wpcf7_version\" value=\"6.1.5\" \/><input type=\"hidden\" name=\"_wpcf7_locale\" value=\"es_ES\" \/><input type=\"hidden\" name=\"_wpcf7_unit_tag\" value=\"wpcf7-f10-o1\" \/><input type=\"hidden\" name=\"_wpcf7_container_post\" value=\"0\" \/><input type=\"hidden\" name=\"_wpcf7_posted_data_hash\" value=\"\" \/>\n<\/fieldset>\n<p><span class=\"wpcf7-form-control-wrap\" data-name=\"given_name\"><input size=\"40\" maxlength=\"400\" class=\"wpcf7-form-control wpcf7-text wpcf7-validates-as-required\" autocomplete=\"name\" aria-required=\"true\" aria-invalid=\"false\" placeholder=\"Tu nombre\" value=\"\" type=\"text\" name=\"given_name\" \/><\/span>\n<\/p>\n<p><span class=\"wpcf7-form-control-wrap\" data-name=\"family_name\"><input size=\"40\" maxlength=\"400\" class=\"wpcf7-form-control wpcf7-text wpcf7-validates-as-required\" aria-required=\"true\" aria-invalid=\"false\" placeholder=\"Tus apellidos\" value=\"\" type=\"text\" name=\"family_name\" \/><\/span>\n<\/p>\n<p><span class=\"wpcf7-form-control-wrap\" data-name=\"address\"><input size=\"40\" maxlength=\"400\" class=\"wpcf7-form-control wpcf7-email wpcf7-validates-as-required wpcf7-text wpcf7-validates-as-email\" autocomplete=\"email\" aria-required=\"true\" aria-invalid=\"false\" placeholder=\"Tu correo electr\u00f3nico\" value=\"\" type=\"email\" name=\"address\" \/><\/span>\n<\/p>\n<p><span class=\"wpcf7-form-control-wrap\" data-name=\"postal_code\"><input size=\"40\" maxlength=\"400\" class=\"wpcf7-form-control wpcf7-text wpcf7-validates-as-required\" autocomplete=\"cp\" aria-required=\"true\" aria-invalid=\"false\" placeholder=\"C\u00f3digo Postal\" value=\"\" type=\"text\" name=\"postal_code\" \/><\/span>\n<\/p>\n<p><span class=\"wpcf7-form-control-wrap\" data-name=\"edad\"><span class=\"wpcf7-form-control wpcf7-acceptance optional\"><span class=\"wpcf7-list-item\"><label><input type=\"checkbox\" name=\"edad\" value=\"1\" aria-invalid=\"false\" \/><span class=\"wpcf7-list-item-label\">tengo menos de 35 a\u00f1os<\/span><\/label><\/span><\/span><\/span>\n<\/p>\n<p><span class=\"wpcf7-form-control-wrap\" data-name=\"acceptance-703\"><span class=\"wpcf7-form-control wpcf7-acceptance optional\"><span class=\"wpcf7-list-item\"><label><input type=\"checkbox\" name=\"acceptance-703\" value=\"1\" aria-invalid=\"false\" \/><span class=\"wpcf7-list-item-label\">Acepto la <a href=\"https:\/\/www.ccoo.es\/Politica_de_privacidad\" target=\"_blank\">pol\u00edtica de privacidad<\/a><\/span><\/label><\/span><\/span><\/span>\n<\/p>\n<p><input class=\"wpcf7-form-control wpcf7-submit has-spinner\" type=\"submit\" value=\"Enviar\" \/>\n<\/p><div class=\"wpcf7-response-output\" aria-hidden=\"true\"><\/div>\n<\/form>\n<\/div>\n<\/div>\t\t\t\t<\/div>\n\t\t\t\t<\/div>\n\t\t\t\t\t<\/div>\n\t\t\t\t<\/div>\n\t\t<div class=\"elementor-element elementor-element-60c0638 e-flex e-con-boxed wpr-particle-no wpr-jarallax-no wpr-parallax-no wpr-sticky-section-no wpr-equal-height-no e-con e-parent\" data-id=\"60c0638\" data-element_type=\"container\" data-e-type=\"container\" data-settings=\"{&quot;background_background&quot;:&quot;classic&quot;}\">\n\t\t\t\t\t<div class=\"e-con-inner\">\n\t\t<div class=\"elementor-element elementor-element-f4bb2d9 e-con-full e-flex wpr-particle-no wpr-jarallax-no wpr-parallax-no wpr-sticky-section-no wpr-equal-height-no e-con e-child\" data-id=\"f4bb2d9\" data-element_type=\"container\" data-e-type=\"container\">\n\t\t\t\t\t\t\t\n\t\t<img class=\"e-image-base e-0d6d0d5-3af4c32\" \n\t\t\t\t\tdata-interaction-id=\"0d6d0d5\" \n\t\t \n\t\t \n\t\t\t\t\t\t\t\t\tid=\"193\"\n\t\t\t\t\t\t\t\t\t\t\t\tsrc=\"https:\/\/becariasnoprecarias.ccoo.es\/wp-content\/uploads\/2026\/04\/JCCOO-retro-byn.png\"\n\t\t\t\t\t\t\t\t\t\t\t\twidth=\"2424\"\n\t\t\t\t\t\t\t\t\t\t\t\theight=\"2424\"\n\t\t\t\t\t\t\t\t\t\t\t\tsrcset=\"https:\/\/becariasnoprecarias.ccoo.es\/wp-content\/uploads\/2026\/04\/JCCOO-retro-byn.png 2424w, https:\/\/becariasnoprecarias.ccoo.es\/wp-content\/uploads\/2026\/04\/JCCOO-retro-byn-300x300.png 300w, https:\/\/becariasnoprecarias.ccoo.es\/wp-content\/uploads\/2026\/04\/JCCOO-retro-byn-1024x1024.png 1024w, https:\/\/becariasnoprecarias.ccoo.es\/wp-content\/uploads\/2026\/04\/JCCOO-retro-byn-150x150.png 150w, https:\/\/becariasnoprecarias.ccoo.es\/wp-content\/uploads\/2026\/04\/JCCOO-retro-byn-768x768.png 768w, https:\/\/becariasnoprecarias.ccoo.es\/wp-content\/uploads\/2026\/04\/JCCOO-retro-byn-1536x1536.png 1536w, https:\/\/becariasnoprecarias.ccoo.es\/wp-content\/uploads\/2026\/04\/JCCOO-retro-byn-2048x2048.png 2048w, https:\/\/becariasnoprecarias.ccoo.es\/wp-content\/uploads\/2026\/04\/JCCOO-retro-byn-12x12.png 12w\"\n\t\t\t\t\t\t\t\t\t\t\t\talt=\"\"\n\t\t\t\t\t\t\/>\n\t\t\t\t\t<\/div>\n\t\t<div class=\"elementor-element elementor-element-11514c1 e-con-full e-flex wpr-particle-no wpr-jarallax-no wpr-parallax-no wpr-sticky-section-no wpr-equal-height-no e-con e-child\" data-id=\"11514c1\" data-element_type=\"container\" data-e-type=\"container\">\n\t\t\t\t<div class=\"elementor-element elementor-element-2dd52c0 elementor-widget elementor-widget-text-editor\" data-id=\"2dd52c0\" data-element_type=\"widget\" data-e-type=\"widget\" data-widget_type=\"text-editor.default\">\n\t\t\t\t\t\t\t\t\t<p><span style=\"font-size: 18px; color: #ffffff;\"><a style=\"color: #ffffff;\" href=\"https:\/\/www.ccoo.es\/Aviso_legal\" target=\"_blank\" rel=\"noopener noreferrer\">Aviso legal<\/a><\/span><br \/><span style=\"font-size: 18px; color: #ffffff;\"><a style=\"color: #ffffff;\" href=\"https:\/\/www.ccoo.es\/Politica_de_privacidad\" target=\"_blank\" rel=\"noopener noreferrer\">Pol\u00edtica de privacidad<\/a><\/span><br \/><span style=\"font-size: 18px; color: #ffffff;\"><a style=\"color: #ffffff;\" href=\"https:\/\/www.ccoo.es\/Politica_de_cookies\" target=\"_blank\" rel=\"noopener noreferrer\">Pol\u00edtica de cookies<\/a><\/span><\/p>\t\t\t\t\t\t\t\t<\/div>\n\t\t\t\t<\/div>\n\t\t<div class=\"elementor-element elementor-element-b78f6d0 e-con-full e-flex wpr-particle-no wpr-jarallax-no wpr-parallax-no wpr-sticky-section-no wpr-equal-height-no e-con e-child\" data-id=\"b78f6d0\" data-element_type=\"container\" data-e-type=\"container\">\n\t\t\t\t\t\t\t\t<p class=\"e-3c898b5-cf729fd e-paragraph-base\" data-interaction-id=\"3c898b5\"  >\n\t\t\t\t\t\t\t\tNo te pierdas nada\n\t\t\t\t\t<\/p>\n\t\t\t\t\t\t\t\t<p class=\"e-ef37f0d-b6b1c61 e-paragraph-base\" data-interaction-id=\"ef37f0d\"  >\n\t\t\t\t\t\t\t\t\u00a1S\u00edguenos en las redes sociales!\n\t\t\t\t\t<\/p>\n\t\t\t\t<div class=\"elementor-element elementor-element-1201499 e-grid-align-right elementor-shape-rounded elementor-grid-0 elementor-widget elementor-widget-social-icons\" data-id=\"1201499\" data-element_type=\"widget\" data-e-type=\"widget\" data-widget_type=\"social-icons.default\">\n\t\t\t\t\t\t\t<div class=\"elementor-social-icons-wrapper elementor-grid\" role=\"list\">\n\t\t\t\t\t\t\t<span class=\"elementor-grid-item\" role=\"listitem\">\n\t\t\t\t\t<a class=\"elementor-icon elementor-social-icon elementor-social-icon-instagram elementor-repeater-item-49d6861\" href=\"https:\/\/www.instagram.com\/jovenesccoo\/\" target=\"_blank\">\n\t\t\t\t\t\t<span class=\"elementor-screen-only\">Instagram<\/span>\n\t\t\t\t\t\t<svg aria-hidden=\"true\" class=\"e-font-icon-svg e-fab-instagram\" viewBox=\"0 0 448 512\" xmlns=\"http:\/\/www.w3.org\/2000\/svg\"><path d=\"M224.1 141c-63.6 0-114.9 51.3-114.9 114.9s51.3 114.9 114.9 114.9S339 319.5 339 255.9 287.7 141 224.1 141zm0 189.6c-41.1 0-74.7-33.5-74.7-74.7s33.5-74.7 74.7-74.7 74.7 33.5 74.7 74.7-33.6 74.7-74.7 74.7zm146.4-194.3c0 14.9-12 26.8-26.8 26.8-14.9 0-26.8-12-26.8-26.8s12-26.8 26.8-26.8 26.8 12 26.8 26.8zm76.1 27.2c-1.7-35.9-9.9-67.7-36.2-93.9-26.2-26.2-58-34.4-93.9-36.2-37-2.1-147.9-2.1-184.9 0-35.8 1.7-67.6 9.9-93.9 36.1s-34.4 58-36.2 93.9c-2.1 37-2.1 147.9 0 184.9 1.7 35.9 9.9 67.7 36.2 93.9s58 34.4 93.9 36.2c37 2.1 147.9 2.1 184.9 0 35.9-1.7 67.7-9.9 93.9-36.2 26.2-26.2 34.4-58 36.2-93.9 2.1-37 2.1-147.8 0-184.8zM398.8 388c-7.8 19.6-22.9 34.7-42.6 42.6-29.5 11.7-99.5 9-132.1 9s-102.7 2.6-132.1-9c-19.6-7.8-34.7-22.9-42.6-42.6-11.7-29.5-9-99.5-9-132.1s-2.6-102.7 9-132.1c7.8-19.6 22.9-34.7 42.6-42.6 29.5-11.7 99.5-9 132.1-9s102.7-2.6 132.1 9c19.6 7.8 34.7 22.9 42.6 42.6 11.7 29.5 9 99.5 9 132.1s2.7 102.7-9 132.1z\"><\/path><\/svg>\t\t\t\t\t<\/a>\n\t\t\t\t<\/span>\n\t\t\t\t\t\t\t<span class=\"elementor-grid-item\" role=\"listitem\">\n\t\t\t\t\t<a class=\"elementor-icon elementor-social-icon elementor-social-icon-x-twitter elementor-repeater-item-78f344c\" href=\"https:\/\/x.com\/JovenesCCOO\" target=\"_blank\">\n\t\t\t\t\t\t<span class=\"elementor-screen-only\">X-twitter<\/span>\n\t\t\t\t\t\t<svg aria-hidden=\"true\" class=\"e-font-icon-svg e-fab-x-twitter\" viewBox=\"0 0 512 512\" xmlns=\"http:\/\/www.w3.org\/2000\/svg\"><path d=\"M389.2 48h70.6L305.6 224.2 487 464H345L233.7 318.6 106.5 464H35.8L200.7 275.5 26.8 48H172.4L272.9 180.9 389.2 48zM364.4 421.8h39.1L151.1 88h-42L364.4 421.8z\"><\/path><\/svg>\t\t\t\t\t<\/a>\n\t\t\t\t<\/span>\n\t\t\t\t\t\t\t<span class=\"elementor-grid-item\" role=\"listitem\">\n\t\t\t\t\t<a class=\"elementor-icon elementor-social-icon elementor-social-icon-facebook elementor-repeater-item-8bc67a7\" href=\"https:\/\/www.facebook.com\/jovenesccoo\" target=\"_blank\">\n\t\t\t\t\t\t<span class=\"elementor-screen-only\">Facebook<\/span>\n\t\t\t\t\t\t<svg aria-hidden=\"true\" class=\"e-font-icon-svg e-fab-facebook\" viewBox=\"0 0 512 512\" xmlns=\"http:\/\/www.w3.org\/2000\/svg\"><path d=\"M504 256C504 119 393 8 256 8S8 119 8 256c0 123.78 90.69 226.38 209.25 245V327.69h-63V256h63v-54.64c0-62.15 37-96.48 93.67-96.48 27.14 0 55.52 4.84 55.52 4.84v61h-31.28c-30.8 0-40.41 19.12-40.41 38.73V256h68.78l-11 71.69h-57.78V501C413.31 482.38 504 379.78 504 256z\"><\/path><\/svg>\t\t\t\t\t<\/a>\n\t\t\t\t<\/span>\n\t\t\t\t\t\t\t<span class=\"elementor-grid-item\" role=\"listitem\">\n\t\t\t\t\t<a class=\"elementor-icon elementor-social-icon elementor-social-icon-youtube elementor-repeater-item-58184f2\" href=\"https:\/\/www.youtube.com\/@jovenesccoo\" target=\"_blank\">\n\t\t\t\t\t\t<span class=\"elementor-screen-only\">Youtube<\/span>\n\t\t\t\t\t\t<svg aria-hidden=\"true\" class=\"e-font-icon-svg e-fab-youtube\" viewBox=\"0 0 576 512\" xmlns=\"http:\/\/www.w3.org\/2000\/svg\"><path d=\"M549.655 124.083c-6.281-23.65-24.787-42.276-48.284-48.597C458.781 64 288 64 288 64S117.22 64 74.629 75.486c-23.497 6.322-42.003 24.947-48.284 48.597-11.412 42.867-11.412 132.305-11.412 132.305s0 89.438 11.412 132.305c6.281 23.65 24.787 41.5 48.284 47.821C117.22 448 288 448 288 448s170.78 0 213.371-11.486c23.497-6.321 42.003-24.171 48.284-47.821 11.412-42.867 11.412-132.305 11.412-132.305s0-89.438-11.412-132.305zm-317.51 213.508V175.185l142.739 81.205-142.739 81.201z\"><\/path><\/svg>\t\t\t\t\t<\/a>\n\t\t\t\t<\/span>\n\t\t\t\t\t<\/div>\n\t\t\t\t\t\t<\/div>\n\t\t\t\t<\/div>\n\t\t\t\t\t<\/div>\n\t\t\t\t<\/div>\n\t\t\t\t<\/div>\n\t\t","protected":false},"excerpt":{"rendered":"<p>inicio estatuto firma ES CA inicio estatuto firma ES CA FIRMA AQU\u00cd POR LA APROBACI\u00d3N DEL ESTATUTO DEL BECARIO El Estatuto del Becario es una oportunidad hist\u00f3rica para garantizar derechos a miles de j\u00f3venes. Tu apoyo es fundamental para que se apruebe cuanto antes.\u00danete y defiende pr\u00e1cticas con derechos. tengo menos de 35 a\u00f1os Acepto la pol\u00edtica de privacidad Aviso legalPol\u00edtica de privacidadPol\u00edtica de cookies No te pierdas nada \u00a1S\u00edguenos en las redes sociales! Instagram X-twitter Facebook Youtube<\/p>\n","protected":false},"author":1,"featured_media":0,"parent":0,"menu_order":0,"comment_status":"closed","ping_status":"closed","template":"elementor_canvas","meta":{"footnotes":""},"class_list":["post-144","page","type-page","status-publish","hentry"],"_links":{"self":[{"href":"https:\/\/becariasnoprecarias.ccoo.es\/es\/wp-json\/wp\/v2\/pages\/144","targetHints":{"allow":["GET"]}}],"collection":[{"href":"https:\/\/becariasnoprecarias.ccoo.es\/es\/wp-json\/wp\/v2\/pages"}],"about":[{"href":"https:\/\/becariasnoprecarias.ccoo.es\/es\/wp-json\/wp\/v2\/types\/page"}],"author":[{"embeddable":true,"href":"https:\/\/becariasnoprecarias.ccoo.es\/es\/wp-json\/wp\/v2\/users\/1"}],"replies":[{"embeddable":true,"href":"https:\/\/becariasnoprecarias.ccoo.es\/es\/wp-json\/wp\/v2\/comments?post=144"}],"version-history":[{"count":44,"href":"https:\/\/becariasnoprecarias.ccoo.es\/es\/wp-json\/wp\/v2\/pages\/144\/revisions"}],"predecessor-version":[{"id":373,"href":"https:\/\/becariasnoprecarias.ccoo.es\/es\/wp-json\/wp\/v2\/pages\/144\/revisions\/373"}],"wp:attachment":[{"href":"https:\/\/becariasnoprecarias.ccoo.es\/es\/wp-json\/wp\/v2\/media?parent=144"}],"curies":[{"name":"wp","href":"https:\/\/api.w.org\/{rel}","templated":true}]}}